{"id":729,"date":"2025-06-17T20:36:43","date_gmt":"2025-06-17T20:36:43","guid":{"rendered":"https:\/\/www.nieuwclingendael.nl\/nc\/?page_id=729"},"modified":"2026-04-12T16:02:11","modified_gmt":"2026-04-12T14:02:11","slug":"729-2","status":"publish","type":"page","link":"https:\/\/www.nieuwclingendael.nl\/","title":{"rendered":"CO\u00d6PERATIEVE VERENIGING NIEUW CLINGENDAEL"},"content":{"rendered":"\n<h2 class=\"wp-block-heading\"><strong>WELKOM BIJ DE \u2018CO\u00d6PERATIEVE VERENIGING NIEUW CLINGENDAEL&#8217;<\/strong><\/h2>\n\n\n\n<p>Het appartementencomplex van de \u2018Co\u00f6peratieve Vereniging Nieuw Clingendael\u2019 met veel luxe voorzieningen bevindt zich in de rustige wijk \u2018Benoordenhout\u2019 van Den Haag op de grens met Wassenaar. Het dankt zijn naam aan het park \u2018Clingendael\u2019 dat op enkele minuten afstand ligt.<\/p>\n\n\n\n<p>De luxe voorzieningen van &#8216;Nieuw Clingendael&#8217; bestaan o.a. uit: de aanwezigheid van een restaurant en een eigen keuken; er is een huismeester en een receptie; er zijn logeerkamers en er is een fitness ruimte. <br>Persoonlijke en medische zorg maken geen deel uit van deze voorzieningen. Uitgangspunt is dat bewoners zelfstandig wonen en zelfredzaam zijn.<br><br>Bij het passeren van de notari\u00eble koopovereenkomst (de akte van levering) verwerft de koper het lidmaatschapsrecht in de \u2018Co\u00f6peratieve Vereniging Nieuw Clingendael\u2019 en daarmee het recht op het gebruik van een appartement.&nbsp;<\/p>\n\n\n\n<p>In dit service appartementencomplex bevinden zich uitsluitend koopappartementen. De 95 koopappartementen zijn onderverdeeld in acht verschillende typen, vari\u00ebrend van \u00e9\u00e9nkamerappartementen tot ruime driekamerappartementen (68m\u00b2\u2013142m\u00b2 ). De appartementen mogen niet verhuurd worden.<\/p>\n\n\n\n<p>Het gebouw heeft twee woonvleugels die met elkaar verbonden zijn via een centrale hal op de begane grond.&nbsp;In&nbsp;dit centrale gedeelte bevinden zich de entree, de receptie, een wachtruimte, het restaurant met de pantry, een activiteitenruimte en kantoorruimten.&nbsp;<\/p>\n\n\n\n<figure class=\"wp-block-image size-large\"><img loading=\"lazy\" decoding=\"async\" width=\"1024\" height=\"768\" src=\"https:\/\/www.nieuwclingendael.nl\/nc\/wp-content\/uploads\/2026\/04\/WWIMG_20260412_132212200_HDR-1024x768.jpg\" alt=\"\" class=\"wp-image-1090\" srcset=\"https:\/\/www.nieuwclingendael.nl\/nc\/wp-content\/uploads\/2026\/04\/WWIMG_20260412_132212200_HDR-1024x768.jpg 1024w, https:\/\/www.nieuwclingendael.nl\/nc\/wp-content\/uploads\/2026\/04\/WWIMG_20260412_132212200_HDR-300x225.jpg 300w, https:\/\/www.nieuwclingendael.nl\/nc\/wp-content\/uploads\/2026\/04\/WWIMG_20260412_132212200_HDR-768x576.jpg 768w, https:\/\/www.nieuwclingendael.nl\/nc\/wp-content\/uploads\/2026\/04\/WWIMG_20260412_132212200_HDR-1536x1152.jpg 1536w, https:\/\/www.nieuwclingendael.nl\/nc\/wp-content\/uploads\/2026\/04\/WWIMG_20260412_132212200_HDR-2048x1536.jpg 2048w\" sizes=\"auto, (max-width: 1024px) 100vw, 1024px\" \/><figcaption class=\"wp-element-caption\">De tuin bij de ingang van Nieuw Clingendael<\/figcaption><\/figure>\n\n\n\n<figure class=\"wp-block-image aligncenter size-large is-resized\"><img loading=\"lazy\" decoding=\"async\" width=\"1024\" height=\"683\" src=\"https:\/\/www.nieuwclingendael.nl\/nc\/wp-content\/uploads\/2025\/12\/\u00a9-www.070fotograaf.nl_20251213_FVDL-070fotograaf.nl_Stadsfotograaf-Nieuw-Clingendael_1878-1024x683.jpg\" alt=\"\" class=\"wp-image-1025\" style=\"object-fit:cover;width:497px;height:auto\" srcset=\"https:\/\/www.nieuwclingendael.nl\/nc\/wp-content\/uploads\/2025\/12\/\u00a9-www.070fotograaf.nl_20251213_FVDL-070fotograaf.nl_Stadsfotograaf-Nieuw-Clingendael_1878-1024x683.jpg 1024w, https:\/\/www.nieuwclingendael.nl\/nc\/wp-content\/uploads\/2025\/12\/\u00a9-www.070fotograaf.nl_20251213_FVDL-070fotograaf.nl_Stadsfotograaf-Nieuw-Clingendael_1878-300x200.jpg 300w, https:\/\/www.nieuwclingendael.nl\/nc\/wp-content\/uploads\/2025\/12\/\u00a9-www.070fotograaf.nl_20251213_FVDL-070fotograaf.nl_Stadsfotograaf-Nieuw-Clingendael_1878-768x512.jpg 768w, https:\/\/www.nieuwclingendael.nl\/nc\/wp-content\/uploads\/2025\/12\/\u00a9-www.070fotograaf.nl_20251213_FVDL-070fotograaf.nl_Stadsfotograaf-Nieuw-Clingendael_1878-1536x1024.jpg 1536w, https:\/\/www.nieuwclingendael.nl\/nc\/wp-content\/uploads\/2025\/12\/\u00a9-www.070fotograaf.nl_20251213_FVDL-070fotograaf.nl_Stadsfotograaf-Nieuw-Clingendael_1878.jpg 1600w\" sizes=\"auto, (max-width: 1024px) 100vw, 1024px\" \/><figcaption class=\"wp-element-caption\">Gang begane grond<\/figcaption><\/figure>\n\n\n\n<p>In de twee gangen op de begane grond zijn per gang drie trappenhuizen&nbsp;en liftingangen (naar het souterrain en de zeven etages). Elke lift bedient&nbsp;per etage twee appartementen.<br>De&nbsp;acht logeerkamers en de fitnessruimte bevinden zich op de begane grond.<br>De bibliotheek\/biljartruimte, de wasserette, de keuken en de bergingen bevinden zich in het souterrain.&nbsp;<\/p>\n\n\n\n<figure class=\"wp-block-image aligncenter size-large\"><img loading=\"lazy\" decoding=\"async\" width=\"1024\" height=\"683\" src=\"https:\/\/www.nieuwclingendael.nl\/nc\/wp-content\/uploads\/2025\/12\/\u00a9-www.070fotograaf.nl_20251213_FVDL-070fotograaf.nl_Stadsfotograaf-Nieuw-Clingendael_1860-1024x683.jpg\" alt=\"\" class=\"wp-image-1024\" style=\"object-fit:cover\" srcset=\"https:\/\/www.nieuwclingendael.nl\/nc\/wp-content\/uploads\/2025\/12\/\u00a9-www.070fotograaf.nl_20251213_FVDL-070fotograaf.nl_Stadsfotograaf-Nieuw-Clingendael_1860-1024x683.jpg 1024w, https:\/\/www.nieuwclingendael.nl\/nc\/wp-content\/uploads\/2025\/12\/\u00a9-www.070fotograaf.nl_20251213_FVDL-070fotograaf.nl_Stadsfotograaf-Nieuw-Clingendael_1860-300x200.jpg 300w, https:\/\/www.nieuwclingendael.nl\/nc\/wp-content\/uploads\/2025\/12\/\u00a9-www.070fotograaf.nl_20251213_FVDL-070fotograaf.nl_Stadsfotograaf-Nieuw-Clingendael_1860-768x512.jpg 768w, https:\/\/www.nieuwclingendael.nl\/nc\/wp-content\/uploads\/2025\/12\/\u00a9-www.070fotograaf.nl_20251213_FVDL-070fotograaf.nl_Stadsfotograaf-Nieuw-Clingendael_1860-1536x1024.jpg 1536w, https:\/\/www.nieuwclingendael.nl\/nc\/wp-content\/uploads\/2025\/12\/\u00a9-www.070fotograaf.nl_20251213_FVDL-070fotograaf.nl_Stadsfotograaf-Nieuw-Clingendael_1860.jpg 1600w\" sizes=\"auto, (max-width: 1024px) 100vw, 1024px\" \/><figcaption class=\"wp-element-caption\">Restaurant<\/figcaption><\/figure>\n\n\n\n<p>De parkeergarage met afsluitbare garageboxen (er zijn minder garageboxen dan appartementen) ligt onder de tuin en is binnendoor via het souterrain te bereiken.&nbsp;<br>Het gebouw is beveiligd met videocamera&#8217;s.<\/p>\n\n\n\n<p>In 2024 is de gehele benedenverdieping (entree, hal, receptie, wachtruimte, beide gangen, restaurant en activiteitenruimte) volledig gerenoveerd. Er is geverfd, er ligt nieuwe vloerbedekking en er is nieuw meubilair voor het restaurant aangeschaft.&nbsp; <\/p>\n\n\n\n<p>Voor verbeteringen in en van het gebouw wordt in het MeerJarenOnderhoudsPlan ieder jaar opnieuw geld gereserveerd.<\/p>\n\n\n\n<p><\/p>\n\n\n\n<p><strong>Organisatie&nbsp;<\/strong><\/p>\n\n\n\n<p>De 95 koopappartementen zijn ondergebracht in een Co\u00f6peratieve Vereniging. Het bestuur hiervan bestaat uit leden\/bewoners van de \u2018Co\u00f6peratieve Vereniging Nieuw Clingendael\u2019. Tot op heden hebben de leden ervoor gekozen deze rechtsvorm te behouden en geen VVE te worden.<\/p>\n\n\n\n<p><\/p>\n","protected":false},"excerpt":{"rendered":"<p>WELKOM BIJ DE \u2018CO\u00d6PERATIEVE VERENIGING NIEUW CLINGENDAEL&#8217; Het appartementencomplex van de \u2018Co\u00f6peratieve Vereniging Nieuw Clingendael\u2019 met veel luxe voorzieningen bevindt zich in de rustige wijk \u2018Benoordenhout\u2019 van Den Haag op de grens met Wassenaar. Het dankt zijn naam aan het park \u2018Clingendael\u2019 dat op enkele minuten afstand ligt. De luxe voorzieningen van &#8216;Nieuw Clingendael&#8217; bestaan [&hellip;]<\/p>\n","protected":false},"author":1,"featured_media":844,"parent":0,"menu_order":0,"comment_status":"closed","ping_status":"closed","template":"","meta":{"footnotes":""},"class_list":["post-729","page","type-page","status-publish","has-post-thumbnail","hentry"],"blocksy_meta":[],"_links":{"self":[{"href":"https:\/\/www.nieuwclingendael.nl\/index.php\/wp-json\/wp\/v2\/pages\/729","targetHints":{"allow":["GET"]}}],"collection":[{"href":"https:\/\/www.nieuwclingendael.nl\/index.php\/wp-json\/wp\/v2\/pages"}],"about":[{"href":"https:\/\/www.nieuwclingendael.nl\/index.php\/wp-json\/wp\/v2\/types\/page"}],"author":[{"embeddable":true,"href":"https:\/\/www.nieuwclingendael.nl\/index.php\/wp-json\/wp\/v2\/users\/1"}],"replies":[{"embeddable":true,"href":"https:\/\/www.nieuwclingendael.nl\/index.php\/wp-json\/wp\/v2\/comments?post=729"}],"version-history":[{"count":23,"href":"https:\/\/www.nieuwclingendael.nl\/index.php\/wp-json\/wp\/v2\/pages\/729\/revisions"}],"predecessor-version":[{"id":1096,"href":"https:\/\/www.nieuwclingendael.nl\/index.php\/wp-json\/wp\/v2\/pages\/729\/revisions\/1096"}],"wp:featuredmedia":[{"embeddable":true,"href":"https:\/\/www.nieuwclingendael.nl\/index.php\/wp-json\/wp\/v2\/media\/844"}],"wp:attachment":[{"href":"https:\/\/www.nieuwclingendael.nl\/index.php\/wp-json\/wp\/v2\/media?parent=729"}],"curies":[{"name":"wp","href":"https:\/\/api.w.org\/{rel}","templated":true}]}}