{"id":786,"date":"2025-06-17T21:51:18","date_gmt":"2025-06-17T21:51:18","guid":{"rendered":"https:\/\/www.nieuwclingendael.nl\/nc\/?page_id=786"},"modified":"2026-04-12T15:50:23","modified_gmt":"2026-04-12T13:50:23","slug":"voorzieningen","status":"publish","type":"page","link":"https:\/\/www.nieuwclingendael.nl\/index.php\/voorzieningen\/","title":{"rendered":"Voorzieningen"},"content":{"rendered":"\n<h2 class=\"wp-block-heading\">Voorzieningen<\/h2>\n\n\n\n<p class=\"has-palette-color-1-color has-text-color has-link-color has-medium-font-size wp-elements-85fec68b40e0e3281f62429534e7b7eb\"><strong>Receptie<\/strong><\/p>\n\n\n\n<p>De receptie is geopend van maandag t\/m vrijdag van 9.00 tot 14.30 uur.<\/p>\n\n\n\n<p class=\"has-palette-color-1-color has-text-color has-link-color has-medium-font-size wp-elements-e6e454a2e08fba42271b89b7116edb89\"><strong>Huismeester<\/strong><\/p>\n\n\n\n<p>De huismeester is van maandag t\/m vrijdag van 8.00 tot 16.00 uur aanwezig.&nbsp;Voor hulp bij kleine (acute) zaken kunnen bewoners via de receptie een beroep doen op de huismeester.<\/p>\n\n\n\n<figure class=\"wp-block-image size-large\"><img loading=\"lazy\" decoding=\"async\" width=\"1024\" height=\"682\" src=\"https:\/\/www.nieuwclingendael.nl\/nc\/wp-content\/uploads\/2025\/12\/\u00a9-www.070fotograaf.nl_20251213_FVDL-070fotograaf.nl_Stadsfotograaf-Nieuw-Clingendael_1868-2-1024x682.jpg\" alt=\"\" class=\"wp-image-1023\" style=\"object-fit:cover\" srcset=\"https:\/\/www.nieuwclingendael.nl\/nc\/wp-content\/uploads\/2025\/12\/\u00a9-www.070fotograaf.nl_20251213_FVDL-070fotograaf.nl_Stadsfotograaf-Nieuw-Clingendael_1868-2-1024x682.jpg 1024w, https:\/\/www.nieuwclingendael.nl\/nc\/wp-content\/uploads\/2025\/12\/\u00a9-www.070fotograaf.nl_20251213_FVDL-070fotograaf.nl_Stadsfotograaf-Nieuw-Clingendael_1868-2-300x200.jpg 300w, https:\/\/www.nieuwclingendael.nl\/nc\/wp-content\/uploads\/2025\/12\/\u00a9-www.070fotograaf.nl_20251213_FVDL-070fotograaf.nl_Stadsfotograaf-Nieuw-Clingendael_1868-2-768x512.jpg 768w, https:\/\/www.nieuwclingendael.nl\/nc\/wp-content\/uploads\/2025\/12\/\u00a9-www.070fotograaf.nl_20251213_FVDL-070fotograaf.nl_Stadsfotograaf-Nieuw-Clingendael_1868-2-1536x1024.jpg 1536w, https:\/\/www.nieuwclingendael.nl\/nc\/wp-content\/uploads\/2025\/12\/\u00a9-www.070fotograaf.nl_20251213_FVDL-070fotograaf.nl_Stadsfotograaf-Nieuw-Clingendael_1868-2.jpg 2000w\" sizes=\"auto, (max-width: 1024px) 100vw, 1024px\" \/><figcaption class=\"wp-element-caption\">Receptie<\/figcaption><\/figure>\n\n\n\n<p class=\"has-palette-color-1-color has-text-color has-link-color has-medium-font-size wp-elements-810afc1a4e4cfc00b97602fdf09a036f\"><strong>Restaurant, Cateraar&nbsp;<\/strong><\/p>\n\n\n\n<figure class=\"wp-block-image size-large\"><img loading=\"lazy\" decoding=\"async\" width=\"1024\" height=\"683\" src=\"https:\/\/www.nieuwclingendael.nl\/nc\/wp-content\/uploads\/2025\/12\/\u00a9-www.070fotograaf.nl_20251213_FVDL-070fotograaf.nl_Stadsfotograaf-Nieuw-Clingendael_1864-1024x683.jpg\" alt=\"\" class=\"wp-image-1047\" style=\"object-fit:cover\" srcset=\"https:\/\/www.nieuwclingendael.nl\/nc\/wp-content\/uploads\/2025\/12\/\u00a9-www.070fotograaf.nl_20251213_FVDL-070fotograaf.nl_Stadsfotograaf-Nieuw-Clingendael_1864-1024x683.jpg 1024w, https:\/\/www.nieuwclingendael.nl\/nc\/wp-content\/uploads\/2025\/12\/\u00a9-www.070fotograaf.nl_20251213_FVDL-070fotograaf.nl_Stadsfotograaf-Nieuw-Clingendael_1864-300x200.jpg 300w, https:\/\/www.nieuwclingendael.nl\/nc\/wp-content\/uploads\/2025\/12\/\u00a9-www.070fotograaf.nl_20251213_FVDL-070fotograaf.nl_Stadsfotograaf-Nieuw-Clingendael_1864-768x512.jpg 768w, https:\/\/www.nieuwclingendael.nl\/nc\/wp-content\/uploads\/2025\/12\/\u00a9-www.070fotograaf.nl_20251213_FVDL-070fotograaf.nl_Stadsfotograaf-Nieuw-Clingendael_1864-1536x1024.jpg 1536w, https:\/\/www.nieuwclingendael.nl\/nc\/wp-content\/uploads\/2025\/12\/\u00a9-www.070fotograaf.nl_20251213_FVDL-070fotograaf.nl_Stadsfotograaf-Nieuw-Clingendael_1864.jpg 1600w\" sizes=\"auto, (max-width: 1024px) 100vw, 1024px\" \/><figcaption class=\"wp-element-caption\">Restaurant<\/figcaption><\/figure>\n\n\n\n<p>In de keuken van \u2018Nieuw Clingendael\u2019 bereidt de cateraar dagelijks verse maaltijden.&nbsp;<\/p>\n\n\n\n<figure class=\"wp-block-image aligncenter size-large is-resized\"><img loading=\"lazy\" decoding=\"async\" width=\"1024\" height=\"817\" src=\"https:\/\/www.nieuwclingendael.nl\/nc\/wp-content\/uploads\/2025\/06\/\u00a9-_keukenapp-1-1024x817.jpg\" alt=\"\" class=\"wp-image-879\" style=\"width:600px\" srcset=\"https:\/\/www.nieuwclingendael.nl\/nc\/wp-content\/uploads\/2025\/06\/\u00a9-_keukenapp-1-1024x817.jpg 1024w, https:\/\/www.nieuwclingendael.nl\/nc\/wp-content\/uploads\/2025\/06\/\u00a9-_keukenapp-1-300x239.jpg 300w, https:\/\/www.nieuwclingendael.nl\/nc\/wp-content\/uploads\/2025\/06\/\u00a9-_keukenapp-1-768x612.jpg 768w, https:\/\/www.nieuwclingendael.nl\/nc\/wp-content\/uploads\/2025\/06\/\u00a9-_keukenapp-1-1536x1225.jpg 1536w, https:\/\/www.nieuwclingendael.nl\/nc\/wp-content\/uploads\/2025\/06\/\u00a9-_keukenapp-1.jpg 1600w\" sizes=\"auto, (max-width: 1024px) 100vw, 1024px\" \/><figcaption class=\"wp-element-caption\">Keuken<\/figcaption><\/figure>\n\n\n\n<p>Per dag kunnen bewoners kiezen uit twee menu&#8217;s met naar keuze \u00e9\u00e9n, twee of drie gangen of een vegetarische maaltijd.<br>De maaltijdprijzen vari\u00ebren afhankelijk van het aantal gangen dat men bestelt. Met een dieet kan rekening worden gehouden.<br>De maaltijden worden tussen 18.00 en 19.30 uur geserveerd en kunnen in het eigen appartement worden bezorgd of in het restaurant gebruikt worden.&nbsp;<\/p>\n\n\n\n<figure class=\"wp-block-image size-large\"><img loading=\"lazy\" decoding=\"async\" width=\"1024\" height=\"683\" src=\"https:\/\/www.nieuwclingendael.nl\/nc\/wp-content\/uploads\/2025\/12\/\u00a9-www.070fotograaf.nl_20251213_FVDL-070fotograaf.nl_Stadsfotograaf-Nieuw-Clingendael_1846-1024x683.jpg\" alt=\"\" class=\"wp-image-1042\" style=\"object-fit:cover\" srcset=\"https:\/\/www.nieuwclingendael.nl\/nc\/wp-content\/uploads\/2025\/12\/\u00a9-www.070fotograaf.nl_20251213_FVDL-070fotograaf.nl_Stadsfotograaf-Nieuw-Clingendael_1846-1024x683.jpg 1024w, https:\/\/www.nieuwclingendael.nl\/nc\/wp-content\/uploads\/2025\/12\/\u00a9-www.070fotograaf.nl_20251213_FVDL-070fotograaf.nl_Stadsfotograaf-Nieuw-Clingendael_1846-300x200.jpg 300w, https:\/\/www.nieuwclingendael.nl\/nc\/wp-content\/uploads\/2025\/12\/\u00a9-www.070fotograaf.nl_20251213_FVDL-070fotograaf.nl_Stadsfotograaf-Nieuw-Clingendael_1846-768x512.jpg 768w, https:\/\/www.nieuwclingendael.nl\/nc\/wp-content\/uploads\/2025\/12\/\u00a9-www.070fotograaf.nl_20251213_FVDL-070fotograaf.nl_Stadsfotograaf-Nieuw-Clingendael_1846-1536x1024.jpg 1536w, https:\/\/www.nieuwclingendael.nl\/nc\/wp-content\/uploads\/2025\/12\/\u00a9-www.070fotograaf.nl_20251213_FVDL-070fotograaf.nl_Stadsfotograaf-Nieuw-Clingendael_1846.jpg 1600w\" sizes=\"auto, (max-width: 1024px) 100vw, 1024px\" \/><figcaption class=\"wp-element-caption\">Restaurant<\/figcaption><\/figure>\n\n\n\n<p>Er is een &#8216;aanschuiftafel\u2019 voor bewoners die niet graag alleen thuis c.q. alleen aan tafel in het restaurant willen eten.<\/p>\n\n\n\n<p><\/p>\n\n\n\n<p class=\"has-palette-color-1-color has-text-color has-link-color has-medium-font-size wp-elements-a2ff692a3fad8623470f1d9e456f3005\"><strong>Logeerkamers<\/strong><\/p>\n\n\n\n<p>Bewoners kunnen tegen betaling hun gasten laten overnachten in \u00e9\u00e9n van de acht eenvoudig ingerichte logeerkamers. De logeerkamers kunnen via de receptie voor, in principe, maximaal \u00e9\u00e9n week gereserveerd worden.<\/p>\n\n\n\n<p>Ook voor de gasten van de bewoners kunnen maaltijden in het appartement of in het restaurant worden besteld (per gast wordt een toeslag op de maaltijdprijs berekend).&nbsp;<\/p>\n\n\n\n<figure class=\"wp-block-image aligncenter size-large is-resized\"><img loading=\"lazy\" decoding=\"async\" width=\"1024\" height=\"683\" src=\"https:\/\/www.nieuwclingendael.nl\/nc\/wp-content\/uploads\/2025\/12\/\u00a9-www.070fotograaf.nl_20251213_FVDL-070fotograaf.nl_Stadsfotograaf-Nieuw-Clingendael_1878-1024x683.jpg\" alt=\"\" class=\"wp-image-1025\" style=\"width:600px\" srcset=\"https:\/\/www.nieuwclingendael.nl\/nc\/wp-content\/uploads\/2025\/12\/\u00a9-www.070fotograaf.nl_20251213_FVDL-070fotograaf.nl_Stadsfotograaf-Nieuw-Clingendael_1878-1024x683.jpg 1024w, https:\/\/www.nieuwclingendael.nl\/nc\/wp-content\/uploads\/2025\/12\/\u00a9-www.070fotograaf.nl_20251213_FVDL-070fotograaf.nl_Stadsfotograaf-Nieuw-Clingendael_1878-300x200.jpg 300w, https:\/\/www.nieuwclingendael.nl\/nc\/wp-content\/uploads\/2025\/12\/\u00a9-www.070fotograaf.nl_20251213_FVDL-070fotograaf.nl_Stadsfotograaf-Nieuw-Clingendael_1878-768x512.jpg 768w, https:\/\/www.nieuwclingendael.nl\/nc\/wp-content\/uploads\/2025\/12\/\u00a9-www.070fotograaf.nl_20251213_FVDL-070fotograaf.nl_Stadsfotograaf-Nieuw-Clingendael_1878-1536x1024.jpg 1536w, https:\/\/www.nieuwclingendael.nl\/nc\/wp-content\/uploads\/2025\/12\/\u00a9-www.070fotograaf.nl_20251213_FVDL-070fotograaf.nl_Stadsfotograaf-Nieuw-Clingendael_1878.jpg 1600w\" sizes=\"auto, (max-width: 1024px) 100vw, 1024px\" \/><figcaption class=\"wp-element-caption\">Gang begane grond<\/figcaption><\/figure>\n\n\n\n<p>Bewoners zijn verantwoordelijk voor het welzijn van hun gasten en zijn er verantwoordelijk voor dat hun gasten het Huishoudelijk Reglement en de Statuten respecteren.&nbsp;<\/p>\n\n\n\n<p class=\"has-palette-color-1-color has-text-color has-link-color has-medium-font-size wp-elements-f46079f2e8fba3119346a586b66d0757\"><strong>Wasmachine\/droger<\/strong><\/p>\n\n\n\n<p>Bewoners kunnen gebruik maken van de wasmachine en de droger in de wasserette. Per was-\/droogbeurt wordt een bedrag in rekening gebracht. E.e.a. is via de receptie (gebruik is per dagdeel) te regelen.<\/p>\n\n\n\n<p class=\"has-palette-color-1-color has-text-color has-link-color has-medium-font-size wp-elements-f5d6b0e6e0d7dd6f043354495f658e5a\"><strong>Boodschappendienst<\/strong><\/p>\n\n\n\n<p>Via de cateraar kunnen bewoners gebruik maken van de boodschappenservice. De bestelde boodschappen worden tot aan de voordeur gebracht.<br>Informatie hierover is bij de receptie te verkrijgen.<\/p>\n\n\n\n<p class=\"has-palette-color-1-color has-text-color has-link-color has-medium-font-size wp-elements-9fe557d918a812792ed13148476d1dc8\"><strong>Garage(boxen) en fietsenstalling, bergingen in het souterrain<\/strong><\/p>\n\n\n\n<figure class=\"wp-block-image aligncenter size-full is-resized\"><img loading=\"lazy\" decoding=\"async\" width=\"533\" height=\"400\" src=\"https:\/\/www.nieuwclingendael.nl\/nc\/wp-content\/uploads\/2025\/06\/garagebinnen.png\" alt=\"\" class=\"wp-image-881\" style=\"width:600px\" srcset=\"https:\/\/www.nieuwclingendael.nl\/nc\/wp-content\/uploads\/2025\/06\/garagebinnen.png 533w, https:\/\/www.nieuwclingendael.nl\/nc\/wp-content\/uploads\/2025\/06\/garagebinnen-300x225.png 300w\" sizes=\"auto, (max-width: 533px) 100vw, 533px\" \/><\/figure>\n\n\n\n<p>Het gebouw beschikt over een verwarmde ondergrondse garage met 71 af te sluiten garageboxen. Enkele garageboxen beschikken over een speciaal oplaadstation voor een elektrische auto. In de straten rondom het complex,&nbsp; bevinden zich twee openbare oplaadmogelijkheid voor elektrische auto\u2019s.<\/p>\n\n\n\n<p>Per bewoner is het stallen van \u00e9\u00e9n fiets in de garage mogelijk. Voor elektrische fietsen zijn er oplaadpunten.<\/p>\n\n\n\n<p>Elk appartement heeft in het souterrain een eigen berging.<\/p>\n\n\n\n<p class=\"has-palette-color-1-color has-text-color has-link-color has-medium-font-size wp-elements-c0c97f0e44c33a6fcf97dd2c8cefcbca\"><strong>Ochtendkranten<\/strong><\/p>\n\n\n\n<p>Van maandag t\/m vrijdag worden de ochtendkranten \u2019 s morgens vroeg bij de voordeur van het appartement bezorgd.<br>De zaterdagkrant en de avondbladen worden in de brievenbus bezorgd.<\/p>\n\n\n\n<p class=\"has-palette-color-1-color has-text-color has-link-color has-medium-font-size wp-elements-133dbecd9e25c5a6b03ae941085ec6e7\"><strong>Activiteiten<\/strong><\/p>\n\n\n\n<p>Binnen \u2018Nieuw Clingendael\u2019 zijn onderstaande activiteiten commissies actief. Alle activiteiten worden georganiseerd door en zijn toegankelijk voor de leden\/bewoners.<\/p>\n\n\n\n<ul class=\"wp-block-list\">\n<li><strong>Bibliotheek commissie<br><\/strong>Iedere dinsdagochtend van 10.00-11.30 uur&nbsp;is&nbsp;de bibliotheek geopend. Er is&nbsp;altijd een commissielid aanwezig om de gebruikers van de bibliotheek bij hun keuze te assisteren. Er worden ieder jaar nieuwe boeken aangeschaft.&nbsp;<\/li>\n<\/ul>\n\n\n\n<ul class=\"wp-block-list\">\n<li><strong>Culturele commissie<br><\/strong>De commissie organiseert iedere maand films en\/of lezingen voor leden van deze commissie in de activiteitenruimte naast het restaurant. De jaarlijkse kerstviering wordt voor alle bewoners georganiseerd.<\/li>\n<\/ul>\n\n\n\n<ul class=\"wp-block-list\">\n<li><strong>Gymnastiek en Yoga<br><\/strong>Onder leiding van gediplomeerde docenten worden op \u00e9\u00e9n ochtend in de week (dinsdag en\/of woensdag) in de activiteitenruimte of aan gymnastiek of aan yoga gedaan.&nbsp;<\/li>\n<\/ul>\n\n\n\n<ul class=\"wp-block-list\">\n<li><strong>Fitness (Club 8)<br><\/strong>Op de begane grond is een fitnessruimte; in 2025 gerenoveerd. Bewoners kunnen als \u2018Club 8\u2019 lid hier ten alle tijden terecht.<\/li>\n<\/ul>\n\n\n\n<ul class=\"wp-block-list\">\n<li><strong>Bridge<br><\/strong>Diverse middagen per jaar worden bridgemiddagen georganiseerd.<br><\/li>\n<\/ul>\n\n\n\n<figure class=\"wp-block-image aligncenter size-full is-resized\"><img loading=\"lazy\" decoding=\"async\" width=\"300\" height=\"210\" src=\"https:\/\/www.nieuwclingendael.nl\/nc\/wp-content\/uploads\/2025\/06\/bridge-4.jpg\" alt=\"\" class=\"wp-image-880\" style=\"width:600px\"\/><\/figure>\n\n\n\n<ul class=\"wp-block-list\">\n<li><strong>Koffieochtenden<\/strong><br>Voor alle bewoners wordt \u00e9\u00e9n keer per maand \u2018s morgens koffie\/thee geschonken in het restaurant. <\/li>\n<\/ul>\n\n\n\n<div style=\"height:27px\" aria-hidden=\"true\" class=\"wp-block-spacer\"><\/div>\n\n\n\n<figure class=\"wp-block-image size-large\"><img loading=\"lazy\" decoding=\"async\" width=\"1024\" height=\"683\" src=\"https:\/\/www.nieuwclingendael.nl\/nc\/wp-content\/uploads\/2025\/12\/\u00a9-www.070fotograaf.nl_20251213_FVDL-070fotograaf.nl_Stadsfotograaf-Nieuw-Clingendael_1849-1024x683.jpg\" alt=\"\" class=\"wp-image-1040\" srcset=\"https:\/\/www.nieuwclingendael.nl\/nc\/wp-content\/uploads\/2025\/12\/\u00a9-www.070fotograaf.nl_20251213_FVDL-070fotograaf.nl_Stadsfotograaf-Nieuw-Clingendael_1849-1024x683.jpg 1024w, https:\/\/www.nieuwclingendael.nl\/nc\/wp-content\/uploads\/2025\/12\/\u00a9-www.070fotograaf.nl_20251213_FVDL-070fotograaf.nl_Stadsfotograaf-Nieuw-Clingendael_1849-300x200.jpg 300w, https:\/\/www.nieuwclingendael.nl\/nc\/wp-content\/uploads\/2025\/12\/\u00a9-www.070fotograaf.nl_20251213_FVDL-070fotograaf.nl_Stadsfotograaf-Nieuw-Clingendael_1849-768x512.jpg 768w, https:\/\/www.nieuwclingendael.nl\/nc\/wp-content\/uploads\/2025\/12\/\u00a9-www.070fotograaf.nl_20251213_FVDL-070fotograaf.nl_Stadsfotograaf-Nieuw-Clingendael_1849-1536x1024.jpg 1536w, https:\/\/www.nieuwclingendael.nl\/nc\/wp-content\/uploads\/2025\/12\/\u00a9-www.070fotograaf.nl_20251213_FVDL-070fotograaf.nl_Stadsfotograaf-Nieuw-Clingendael_1849.jpg 1600w\" sizes=\"auto, (max-width: 1024px) 100vw, 1024px\" \/><\/figure>\n\n\n\n<ul class=\"wp-block-list\">\n<li><strong>Herenborrel <br><\/strong>Iedere maand komen diverse heren bij elkaar om bij te praten onder het genot van een lekker glaasje (en hapje).<\/li>\n<\/ul>\n\n\n\n<ul class=\"wp-block-list\">\n<li>Er is een biljarttafel en een tafeltennistafel aanwezig.<br><\/li>\n<\/ul>\n\n\n\n<figure class=\"wp-block-image aligncenter size-large\"><img loading=\"lazy\" decoding=\"async\" width=\"1024\" height=\"683\" src=\"https:\/\/www.nieuwclingendael.nl\/nc\/wp-content\/uploads\/2025\/12\/\u00a9-www.070fotograaf.nl_20251213_FVDL-070fotograaf.nl_Stadsfotograaf-Nieuw-Clingendael_1861-1024x683.jpg\" alt=\"\" class=\"wp-image-1044\" style=\"object-fit:cover\" srcset=\"https:\/\/www.nieuwclingendael.nl\/nc\/wp-content\/uploads\/2025\/12\/\u00a9-www.070fotograaf.nl_20251213_FVDL-070fotograaf.nl_Stadsfotograaf-Nieuw-Clingendael_1861-1024x683.jpg 1024w, https:\/\/www.nieuwclingendael.nl\/nc\/wp-content\/uploads\/2025\/12\/\u00a9-www.070fotograaf.nl_20251213_FVDL-070fotograaf.nl_Stadsfotograaf-Nieuw-Clingendael_1861-300x200.jpg 300w, https:\/\/www.nieuwclingendael.nl\/nc\/wp-content\/uploads\/2025\/12\/\u00a9-www.070fotograaf.nl_20251213_FVDL-070fotograaf.nl_Stadsfotograaf-Nieuw-Clingendael_1861-768x512.jpg 768w, https:\/\/www.nieuwclingendael.nl\/nc\/wp-content\/uploads\/2025\/12\/\u00a9-www.070fotograaf.nl_20251213_FVDL-070fotograaf.nl_Stadsfotograaf-Nieuw-Clingendael_1861.jpg 1536w\" sizes=\"auto, (max-width: 1024px) 100vw, 1024px\" \/><figcaption class=\"wp-element-caption\">Bibliotheek met biljart<\/figcaption><\/figure>\n\n\n\n<p>Meer informatie, over o.a. de lidmaatschappen en\/of de deelnemersprijzen per persoon per jaar, is bij de receptie te verkrijgen.<\/p>\n\n\n\n<p><\/p>\n","protected":false},"excerpt":{"rendered":"<p>Voorzieningen Receptie De receptie is geopend van maandag t\/m vrijdag van 9.00 tot 14.30 uur. Huismeester De huismeester is van maandag t\/m vrijdag van 8.00 tot 16.00 uur aanwezig.&nbsp;Voor hulp bij kleine (acute) zaken kunnen bewoners via de receptie een beroep doen op de huismeester. Restaurant, Cateraar&nbsp; In de keuken van \u2018Nieuw Clingendael\u2019 bereidt de [&hellip;]<\/p>\n","protected":false},"author":1,"featured_media":1077,"parent":0,"menu_order":0,"comment_status":"closed","ping_status":"closed","template":"","meta":{"footnotes":""},"class_list":["post-786","page","type-page","status-publish","has-post-thumbnail","hentry"],"blocksy_meta":[],"_links":{"self":[{"href":"https:\/\/www.nieuwclingendael.nl\/index.php\/wp-json\/wp\/v2\/pages\/786","targetHints":{"allow":["GET"]}}],"collection":[{"href":"https:\/\/www.nieuwclingendael.nl\/index.php\/wp-json\/wp\/v2\/pages"}],"about":[{"href":"https:\/\/www.nieuwclingendael.nl\/index.php\/wp-json\/wp\/v2\/types\/page"}],"author":[{"embeddable":true,"href":"https:\/\/www.nieuwclingendael.nl\/index.php\/wp-json\/wp\/v2\/users\/1"}],"replies":[{"embeddable":true,"href":"https:\/\/www.nieuwclingendael.nl\/index.php\/wp-json\/wp\/v2\/comments?post=786"}],"version-history":[{"count":62,"href":"https:\/\/www.nieuwclingendael.nl\/index.php\/wp-json\/wp\/v2\/pages\/786\/revisions"}],"predecessor-version":[{"id":1071,"href":"https:\/\/www.nieuwclingendael.nl\/index.php\/wp-json\/wp\/v2\/pages\/786\/revisions\/1071"}],"wp:featuredmedia":[{"embeddable":true,"href":"https:\/\/www.nieuwclingendael.nl\/index.php\/wp-json\/wp\/v2\/media\/1077"}],"wp:attachment":[{"href":"https:\/\/www.nieuwclingendael.nl\/index.php\/wp-json\/wp\/v2\/media?parent=786"}],"curies":[{"name":"wp","href":"https:\/\/api.w.org\/{rel}","templated":true}]}}